{"id":332,"date":"2015-10-26T15:44:29","date_gmt":"2015-10-26T15:44:29","guid":{"rendered":"https:\/\/www.lateliertranslations.com\/fr\/?page_id=332"},"modified":"2015-12-08T12:14:34","modified_gmt":"2015-12-08T12:14:34","slug":"profil","status":"publish","type":"page","link":"https:\/\/www.lateliertranslations.com\/fr\/profil\/","title":{"rendered":"Profil"},"content":{"rendered":"<div class=\"clearfix divider-common divider-blank\" style=\"margin-top:100px;margin-bottom:60px;\"><\/div>\n<div class=\"shortcode-column span6\"><div class=\"section-heading none section-align-left\" style=\"padding-top:10px;padding-bottom:10px;margin-bottom:30px;\"><h2 class=\"section-title\">Exp\u00e9rience, formation et fascination pour l'arabe<\/h2><div class=\"section-end\"><\/div><\/div>\n<p>Nour El-Assaad est la principale force cr\u00e9ative \u00e0 l&rsquo;origine de L\u2019Atelier. Elle b\u00e9n\u00e9ficie de plus de 12 ans d&rsquo;exp\u00e9rience dans le secteur et est titulaire d&rsquo;un master en traduction, ainsi que d&rsquo;un dipl\u00f4me en langue et litt\u00e9rature arabes. Parlant 5 langues, elle se passionne pour la communication au-del\u00e0 des fronti\u00e8res.<\/p>\n<p>\u00c0 une \u00e9poque o\u00f9 de plus en plus d&rsquo;arabophones se d\u00e9tournent de la grammaire complexe et autres difficult\u00e9s de leur langue natale, Nour s&rsquo;y d\u00e9die plus que jamais. Elle a d&rsquo;ailleurs obtenu un dipl\u00f4me en langue et litt\u00e9rature de sa propre langue pour consolider ses connaissances et comp\u00e9tences d\u00e9j\u00e0 \u00e9tendues.<\/p>\n<p>Nour offre \u00e0 ses clients des traductions de haute qualit\u00e9 entre l&rsquo;arabe, le fran\u00e7ais et l&rsquo;anglais, et de l&rsquo;italien et de l&rsquo;espagnol vers ces trois langues cibles, qu&rsquo;il s&rsquo;agisse de contenu technique ou de documents certifi\u00e9s, ou encore de livres ou de rapports d&rsquo;ONG. De plus, ses comp\u00e9tences ne se limitent pas \u00e0 la traduction : \u00e0 travers L\u2019Atelier, elle offre \u00e9galement des services de relecture, d&rsquo;\u00e9dition et de r\u00e9daction dans sa langue natale, l&rsquo;arabe.<\/p>\n<p>Directrice de l&rsquo;Atelier, Nour veille \u00e0 ce que chacun de vos projets, qu&rsquo;il s&rsquo;agisse d&rsquo;une traduction \u00e9crite ou d&rsquo;une mission d&rsquo;interpr\u00e9tation, soit trait\u00e9 avec le plus de soin, de pr\u00e9cision et de style possible pour vous permettre d&rsquo;atteindre vos objectifs.<\/p><\/div><div class=\"shortcode-column span6 last-shortcode-column clearfix\"><img decoding=\"async\" class=\"animated bl\" style=\"width:70%;display: block; margin: 15px auto 0px;\" src=\"https:\/\/www.lateliertranslations.com\/wp-content\/uploads\/2015\/10\/outlined11.png\" alt=\"\" \/><\/div>\n<div class=\"clearfix divider-common divider-blank\" style=\"margin-top:20px;margin-bottom:20px;\"><\/div><div class=\"clearfix divider-common divider-thinfade\" style=\"margin-top:10px;margin-bottom:10px;\"><\/div><div class=\"clearfix divider-common divider-blank\" style=\"margin-top:20px;\"><\/div>\n<div class=\"section-heading none section-align-center\" style=\"padding-top:10px;padding-bottom:10px;margin-bottom:30px;\"><h2 class=\"section-title\">Vous souhaitez travailler avec Nour et L\u2019Atelier ?<\/h2><div class=\"section-end\"><\/div><\/div>\n<div class=\"shortcode-column span6\"><div style=\"text-align:center\"><div class=\"button-shortcode button-shortcode-69eb68a764314\"><a href=\"https:\/\/www.lateliertranslations.com\/fr\/services\" _self><div class=\"mtheme-button animation-standby animated pulse\">S\u00e9lectionnez un service<\/div><\/a><\/div><style>.button-shortcode-69eb68a764314 .mtheme-button:after { background-color: #a43b6e; }.button-shortcode-69eb68a764314 .mtheme-button { border-color: #a43b6e; color: #a43b6e; }<\/style><div class=\"clearfix divider-common divider-blank\" style=\"margin-top:20px;margin-bottom:20px;\"><\/div><\/div><\/div><div class=\"shortcode-column span6 last-shortcode-column clearfix\"><div style=\"text-align:center\"><div class=\"button-shortcode button-shortcode-69eb68a76441c\"><a href=\"https:\/\/www.lateliertranslations.com\/fr\/contactez-nous\/\" _self><div class=\"mtheme-button animation-standby animated pulse\">Demandez un devis<\/div><\/a><\/div><style>.button-shortcode-69eb68a76441c .mtheme-button:after { background-color: #a43b6e; }.button-shortcode-69eb68a76441c .mtheme-button { border-color: #a43b6e; color: #a43b6e; }<\/style><div class=\"clearfix divider-common divider-blank\" style=\"margin-top:20px;margin-bottom:20px;\"><\/div><\/div><\/div>\n","protected":false},"excerpt":{"rendered":"","protected":false},"author":1,"featured_media":0,"parent":0,"menu_order":0,"comment_status":"closed","ping_status":"closed","template":"","meta":{"_mi_skip_tracking":false},"yoast_head":"<!-- This site is optimized with the Yoast SEO plugin v20.5 - https:\/\/yoast.com\/wordpress\/plugins\/seo\/ -->\n<title>Profil - L&rsquo;Atelier<\/title>\n<meta name=\"robots\" content=\"index, follow, max-snippet:-1, max-image-preview:large, max-video-preview:-1\" \/>\n<link rel=\"canonical\" href=\"https:\/\/www.lateliertranslations.com\/fr\/profil\/\" \/>\n<meta property=\"og:locale\" content=\"fr_FR\" \/>\n<meta property=\"og:type\" content=\"article\" \/>\n<meta property=\"og:title\" content=\"Profil - L&rsquo;Atelier\" \/>\n<meta property=\"og:url\" content=\"https:\/\/www.lateliertranslations.com\/fr\/profil\/\" \/>\n<meta property=\"og:site_name\" content=\"L&rsquo;Atelier\" \/>\n<meta property=\"article:modified_time\" content=\"2015-12-08T12:14:34+00:00\" \/>\n<meta property=\"og:image\" content=\"https:\/\/www.lateliertranslations.com\/wp-content\/uploads\/2015\/10\/outlined11.png\" \/>\n<meta name=\"twitter:card\" content=\"summary_large_image\" \/>\n<meta name=\"twitter:label1\" content=\"Dur\u00e9e de lecture estim\u00e9e\" \/>\n\t<meta name=\"twitter:data1\" content=\"2 minutes\" \/>\n<script type=\"application\/ld+json\" class=\"yoast-schema-graph\">{\"@context\":\"https:\/\/schema.org\",\"@graph\":[{\"@type\":\"WebPage\",\"@id\":\"https:\/\/www.lateliertranslations.com\/fr\/profil\/\",\"url\":\"https:\/\/www.lateliertranslations.com\/fr\/profil\/\",\"name\":\"Profil - L&rsquo;Atelier\",\"isPartOf\":{\"@id\":\"https:\/\/www.lateliertranslations.com\/#website\"},\"datePublished\":\"2015-10-26T15:44:29+00:00\",\"dateModified\":\"2015-12-08T12:14:34+00:00\",\"breadcrumb\":{\"@id\":\"https:\/\/www.lateliertranslations.com\/fr\/profil\/#breadcrumb\"},\"inLanguage\":\"fr-FR\",\"potentialAction\":[{\"@type\":\"ReadAction\",\"target\":[\"https:\/\/www.lateliertranslations.com\/fr\/profil\/\"]}]},{\"@type\":\"BreadcrumbList\",\"@id\":\"https:\/\/www.lateliertranslations.com\/fr\/profil\/#breadcrumb\",\"itemListElement\":[{\"@type\":\"ListItem\",\"position\":1,\"name\":\"Home\",\"item\":\"https:\/\/www.lateliertranslations.com\/fr\/\"},{\"@type\":\"ListItem\",\"position\":2,\"name\":\"Profil\"}]},{\"@type\":\"WebSite\",\"@id\":\"https:\/\/www.lateliertranslations.com\/#website\",\"url\":\"https:\/\/www.lateliertranslations.com\/\",\"name\":\"L&rsquo;Atelier\",\"description\":\"designer translations\",\"potentialAction\":[{\"@type\":\"SearchAction\",\"target\":{\"@type\":\"EntryPoint\",\"urlTemplate\":\"https:\/\/www.lateliertranslations.com\/?s={search_term_string}\"},\"query-input\":\"required name=search_term_string\"}],\"inLanguage\":\"fr-FR\"}]}<\/script>\n<!-- \/ Yoast SEO plugin. -->","yoast_head_json":{"title":"Profil - L&rsquo;Atelier","robots":{"index":"index","follow":"follow","max-snippet":"max-snippet:-1","max-image-preview":"max-image-preview:large","max-video-preview":"max-video-preview:-1"},"canonical":"https:\/\/www.lateliertranslations.com\/fr\/profil\/","og_locale":"fr_FR","og_type":"article","og_title":"Profil - L&rsquo;Atelier","og_url":"https:\/\/www.lateliertranslations.com\/fr\/profil\/","og_site_name":"L&rsquo;Atelier","article_modified_time":"2015-12-08T12:14:34+00:00","og_image":[{"url":"https:\/\/www.lateliertranslations.com\/wp-content\/uploads\/2015\/10\/outlined11.png"}],"twitter_card":"summary_large_image","twitter_misc":{"Dur\u00e9e de lecture estim\u00e9e":"2 minutes"},"schema":{"@context":"https:\/\/schema.org","@graph":[{"@type":"WebPage","@id":"https:\/\/www.lateliertranslations.com\/fr\/profil\/","url":"https:\/\/www.lateliertranslations.com\/fr\/profil\/","name":"Profil - L&rsquo;Atelier","isPartOf":{"@id":"https:\/\/www.lateliertranslations.com\/#website"},"datePublished":"2015-10-26T15:44:29+00:00","dateModified":"2015-12-08T12:14:34+00:00","breadcrumb":{"@id":"https:\/\/www.lateliertranslations.com\/fr\/profil\/#breadcrumb"},"inLanguage":"fr-FR","potentialAction":[{"@type":"ReadAction","target":["https:\/\/www.lateliertranslations.com\/fr\/profil\/"]}]},{"@type":"BreadcrumbList","@id":"https:\/\/www.lateliertranslations.com\/fr\/profil\/#breadcrumb","itemListElement":[{"@type":"ListItem","position":1,"name":"Home","item":"https:\/\/www.lateliertranslations.com\/fr\/"},{"@type":"ListItem","position":2,"name":"Profil"}]},{"@type":"WebSite","@id":"https:\/\/www.lateliertranslations.com\/#website","url":"https:\/\/www.lateliertranslations.com\/","name":"L&rsquo;Atelier","description":"designer translations","potentialAction":[{"@type":"SearchAction","target":{"@type":"EntryPoint","urlTemplate":"https:\/\/www.lateliertranslations.com\/?s={search_term_string}"},"query-input":"required name=search_term_string"}],"inLanguage":"fr-FR"}]}},"_links":{"self":[{"href":"https:\/\/www.lateliertranslations.com\/fr\/wp-json\/wp\/v2\/pages\/332"}],"collection":[{"href":"https:\/\/www.lateliertranslations.com\/fr\/wp-json\/wp\/v2\/pages"}],"about":[{"href":"https:\/\/www.lateliertranslations.com\/fr\/wp-json\/wp\/v2\/types\/page"}],"author":[{"embeddable":true,"href":"https:\/\/www.lateliertranslations.com\/fr\/wp-json\/wp\/v2\/users\/1"}],"replies":[{"embeddable":true,"href":"https:\/\/www.lateliertranslations.com\/fr\/wp-json\/wp\/v2\/comments?post=332"}],"version-history":[{"count":6,"href":"https:\/\/www.lateliertranslations.com\/fr\/wp-json\/wp\/v2\/pages\/332\/revisions"}],"predecessor-version":[{"id":556,"href":"https:\/\/www.lateliertranslations.com\/fr\/wp-json\/wp\/v2\/pages\/332\/revisions\/556"}],"wp:attachment":[{"href":"https:\/\/www.lateliertranslations.com\/fr\/wp-json\/wp\/v2\/media?parent=332"}],"curies":[{"name":"wp","href":"https:\/\/api.w.org\/{rel}","templated":true}]}}