{"id":361,"date":"2015-10-26T16:35:01","date_gmt":"2015-10-26T16:35:01","guid":{"rendered":"https:\/\/www.lateliertranslations.com\/fr\/?page_id=361"},"modified":"2015-11-12T10:02:24","modified_gmt":"2015-11-12T10:02:24","slug":"rejoignez-notre-equipe","status":"publish","type":"page","link":"https:\/\/www.lateliertranslations.com\/fr\/rejoignez-notre-equipe\/","title":{"rendered":"Rejoignez notre equipe"},"content":{"rendered":"<div class=\"clearfix divider-common divider-blank\" style=\"margin-top:100px;margin-bottom:60px;\"><\/div>\n<div class=\"shortcode-column span12 last-shortcode-column clearfix\"><div class=\"section-heading none section-align-center\" style=\"padding-top:10px;padding-bottom:10px;margin-bottom:30px;\"><h2 class=\"section-title\">Rejoignez l'\u00e9quipe experte de L\u2019Atelier<\/h2><div class=\"section-end\"><\/div><\/div>\n<p>Une traduction pr\u00e9cise. Une communication excellente. Des documents livr\u00e9s en temps et en heure.<br \/>\nTelle est la philosophie de L\u2019Atelier.<\/p>\n<p>Nous sommes toujours \u00e0 la recherche de traducteurs et linguistes poss\u00e9dant des comp\u00e9tences exceptionnelles et une exp\u00e9rience solide, qui puissent rejoindre notre \u00e9quipe. Cependant, afin de pouvoir offrir le meilleur service possible \u00e0 nos clients, nous sommes tr\u00e8s s\u00e9lectifs.<\/p>\n<p>Nous recherchons :<\/p>\n<div class=\"checklist\">\n<ul>\n<li><i style=\"color:#a43b6e;\" class=\"mfont fa fa-check\"><\/i>Des natifs en fran\u00e7ais, arabe et anglais<\/li>\n<li><i style=\"color:#a43b6e;\" class=\"mfont fa fa-check\"><\/i>Des connaissances sp\u00e9cialis\u00e9es et solides dans votre ou vos domaines s\u00e9lectionn\u00e9s<\/li>\n<li><i style=\"color:#a43b6e;\" class=\"mfont fa fa-check\"><\/i>La volont\u00e9 de r\u00e9aliser des traductions m\u00e9ticuleuses dans le respect de d\u00e9lais stricts<\/li>\n<\/ul>\n<\/div>\n<p>Si vous pensez que nous pourrions faire \u00e9quipe, compl\u00e9tez le formulaire ci-dessous et nous vous contacterons pour vous fournir plus de d\u00e9tails.<\/p><\/div>\n<div class=\"clearfix divider-common divider-blank\" style=\"margin-top:20px;margin-bottom:20px;\"><\/div><div class=\"clearfix divider-common divider-thinfade\" style=\"margin-top:10px;margin-bottom:10px;\"><\/div><div class=\"section-heading none section-align-center\" style=\"padding-top:10px;padding-bottom:10px;margin-bottom:30px;\"><h2 class=\"section-title\">Contactez-nous<\/h2><div class=\"section-end\"><\/div><\/div>\n\n<div class=\"wpcf7 no-js\" id=\"wpcf7-f365-o1\" lang=\"en-US\" dir=\"ltr\">\n<div class=\"screen-reader-response\"><p role=\"status\" aria-live=\"polite\" aria-atomic=\"true\"><\/p> <ul><\/ul><\/div>\n<form action=\"\/fr\/wp-json\/wp\/v2\/pages\/361#wpcf7-f365-o1\" method=\"post\" class=\"wpcf7-form init\" aria-label=\"Contact form\" enctype=\"multipart\/form-data\" novalidate=\"novalidate\" data-status=\"init\">\n<div style=\"display: none;\">\n<input type=\"hidden\" name=\"_wpcf7\" value=\"365\" \/>\n<input type=\"hidden\" name=\"_wpcf7_version\" value=\"5.7.6\" \/>\n<input type=\"hidden\" name=\"_wpcf7_locale\" value=\"en_US\" \/>\n<input type=\"hidden\" name=\"_wpcf7_unit_tag\" value=\"wpcf7-f365-o1\" \/>\n<input type=\"hidden\" name=\"_wpcf7_container_post\" value=\"0\" \/>\n<input type=\"hidden\" name=\"_wpcf7_posted_data_hash\" value=\"\" \/>\n<\/div>\n<div style=\"background:#fff;padding:20px\">\n\t<p>VOTRE NOM (OBLIGATOIRE)\n\t<\/p>\n\t<p><span class=\"wpcf7-form-control-wrap\" data-name=\"your-name\"><input size=\"40\" class=\"wpcf7-form-control wpcf7-text wpcf7-validates-as-required\" aria-required=\"true\" aria-invalid=\"false\" value=\"\" type=\"text\" name=\"your-name\" \/><\/span>\n\t<\/p>\n\t<p>VOTRE E-MAIL (OBLIGATOIRE)\n\t<\/p>\n\t<p><span class=\"wpcf7-form-control-wrap\" data-name=\"your-email\"><input size=\"40\" class=\"wpcf7-form-control wpcf7-text wpcf7-email wpcf7-validates-as-required wpcf7-validates-as-email\" aria-required=\"true\" aria-invalid=\"false\" value=\"\" type=\"email\" name=\"your-email\" \/><\/span>\n\t<\/p>\n\t<p>T\u00c9L\u00c9PHONE\n\t<\/p>\n\t<p><span class=\"wpcf7-form-control-wrap\" data-name=\"text-859\"><input size=\"40\" class=\"wpcf7-form-control wpcf7-text\" aria-invalid=\"false\" value=\"\" type=\"text\" name=\"text-859\" \/><\/span>\n\t<\/p>\n\t<p>VOTRE MESSAGE\n\t<\/p>\n\t<p><span class=\"wpcf7-form-control-wrap\" data-name=\"your-message\"><textarea cols=\"40\" rows=\"10\" class=\"wpcf7-form-control wpcf7-textarea\" aria-invalid=\"false\" name=\"your-message\"><\/textarea><\/span>\n\t<\/p>\n\t<p>JOINDRE UN CV\n\t<\/p>\n\t<p><span class=\"wpcf7-form-control-wrap\" data-name=\"file-284\"><input size=\"40\" class=\"wpcf7-form-control wpcf7-file\" accept=\"audio\/*,video\/*,image\/*\" aria-invalid=\"false\" type=\"file\" name=\"file-284\" \/><\/span>\n\t<\/p>\n\t<p><input class=\"wpcf7-form-control has-spinner wpcf7-submit\" type=\"submit\" value=\"Envoyer\" \/>\n\t<\/p>\n<\/div><div class=\"wpcf7-response-output\" aria-hidden=\"true\"><\/div>\n<\/form>\n<\/div>\n\n","protected":false},"excerpt":{"rendered":"","protected":false},"author":1,"featured_media":0,"parent":0,"menu_order":0,"comment_status":"closed","ping_status":"closed","template":"","meta":{"_mi_skip_tracking":false},"yoast_head":"<!-- This site is optimized with the Yoast SEO plugin v20.5 - https:\/\/yoast.com\/wordpress\/plugins\/seo\/ -->\n<title>Rejoignez notre equipe - L&rsquo;Atelier<\/title>\n<meta name=\"robots\" content=\"index, follow, max-snippet:-1, max-image-preview:large, max-video-preview:-1\" \/>\n<link rel=\"canonical\" href=\"https:\/\/www.lateliertranslations.com\/fr\/rejoignez-notre-equipe\/\" \/>\n<meta property=\"og:locale\" content=\"fr_FR\" \/>\n<meta property=\"og:type\" content=\"article\" \/>\n<meta property=\"og:title\" content=\"Rejoignez notre equipe - L&rsquo;Atelier\" \/>\n<meta property=\"og:url\" content=\"https:\/\/www.lateliertranslations.com\/fr\/rejoignez-notre-equipe\/\" \/>\n<meta property=\"og:site_name\" content=\"L&rsquo;Atelier\" \/>\n<meta property=\"article:modified_time\" content=\"2015-11-12T10:02:24+00:00\" \/>\n<meta name=\"twitter:card\" content=\"summary_large_image\" \/>\n<meta name=\"twitter:label1\" content=\"Dur\u00e9e de lecture estim\u00e9e\" \/>\n\t<meta name=\"twitter:data1\" content=\"1 minute\" \/>\n<script type=\"application\/ld+json\" class=\"yoast-schema-graph\">{\"@context\":\"https:\/\/schema.org\",\"@graph\":[{\"@type\":\"WebPage\",\"@id\":\"https:\/\/www.lateliertranslations.com\/fr\/rejoignez-notre-equipe\/\",\"url\":\"https:\/\/www.lateliertranslations.com\/fr\/rejoignez-notre-equipe\/\",\"name\":\"Rejoignez notre equipe - L&rsquo;Atelier\",\"isPartOf\":{\"@id\":\"https:\/\/www.lateliertranslations.com\/#website\"},\"datePublished\":\"2015-10-26T16:35:01+00:00\",\"dateModified\":\"2015-11-12T10:02:24+00:00\",\"breadcrumb\":{\"@id\":\"https:\/\/www.lateliertranslations.com\/fr\/rejoignez-notre-equipe\/#breadcrumb\"},\"inLanguage\":\"fr-FR\",\"potentialAction\":[{\"@type\":\"ReadAction\",\"target\":[\"https:\/\/www.lateliertranslations.com\/fr\/rejoignez-notre-equipe\/\"]}]},{\"@type\":\"BreadcrumbList\",\"@id\":\"https:\/\/www.lateliertranslations.com\/fr\/rejoignez-notre-equipe\/#breadcrumb\",\"itemListElement\":[{\"@type\":\"ListItem\",\"position\":1,\"name\":\"Home\",\"item\":\"https:\/\/www.lateliertranslations.com\/fr\/\"},{\"@type\":\"ListItem\",\"position\":2,\"name\":\"Rejoignez notre equipe\"}]},{\"@type\":\"WebSite\",\"@id\":\"https:\/\/www.lateliertranslations.com\/#website\",\"url\":\"https:\/\/www.lateliertranslations.com\/\",\"name\":\"L&rsquo;Atelier\",\"description\":\"designer translations\",\"potentialAction\":[{\"@type\":\"SearchAction\",\"target\":{\"@type\":\"EntryPoint\",\"urlTemplate\":\"https:\/\/www.lateliertranslations.com\/?s={search_term_string}\"},\"query-input\":\"required name=search_term_string\"}],\"inLanguage\":\"fr-FR\"}]}<\/script>\n<!-- \/ Yoast SEO plugin. -->","yoast_head_json":{"title":"Rejoignez notre equipe - L&rsquo;Atelier","robots":{"index":"index","follow":"follow","max-snippet":"max-snippet:-1","max-image-preview":"max-image-preview:large","max-video-preview":"max-video-preview:-1"},"canonical":"https:\/\/www.lateliertranslations.com\/fr\/rejoignez-notre-equipe\/","og_locale":"fr_FR","og_type":"article","og_title":"Rejoignez notre equipe - L&rsquo;Atelier","og_url":"https:\/\/www.lateliertranslations.com\/fr\/rejoignez-notre-equipe\/","og_site_name":"L&rsquo;Atelier","article_modified_time":"2015-11-12T10:02:24+00:00","twitter_card":"summary_large_image","twitter_misc":{"Dur\u00e9e de lecture estim\u00e9e":"1 minute"},"schema":{"@context":"https:\/\/schema.org","@graph":[{"@type":"WebPage","@id":"https:\/\/www.lateliertranslations.com\/fr\/rejoignez-notre-equipe\/","url":"https:\/\/www.lateliertranslations.com\/fr\/rejoignez-notre-equipe\/","name":"Rejoignez notre equipe - L&rsquo;Atelier","isPartOf":{"@id":"https:\/\/www.lateliertranslations.com\/#website"},"datePublished":"2015-10-26T16:35:01+00:00","dateModified":"2015-11-12T10:02:24+00:00","breadcrumb":{"@id":"https:\/\/www.lateliertranslations.com\/fr\/rejoignez-notre-equipe\/#breadcrumb"},"inLanguage":"fr-FR","potentialAction":[{"@type":"ReadAction","target":["https:\/\/www.lateliertranslations.com\/fr\/rejoignez-notre-equipe\/"]}]},{"@type":"BreadcrumbList","@id":"https:\/\/www.lateliertranslations.com\/fr\/rejoignez-notre-equipe\/#breadcrumb","itemListElement":[{"@type":"ListItem","position":1,"name":"Home","item":"https:\/\/www.lateliertranslations.com\/fr\/"},{"@type":"ListItem","position":2,"name":"Rejoignez notre equipe"}]},{"@type":"WebSite","@id":"https:\/\/www.lateliertranslations.com\/#website","url":"https:\/\/www.lateliertranslations.com\/","name":"L&rsquo;Atelier","description":"designer translations","potentialAction":[{"@type":"SearchAction","target":{"@type":"EntryPoint","urlTemplate":"https:\/\/www.lateliertranslations.com\/?s={search_term_string}"},"query-input":"required name=search_term_string"}],"inLanguage":"fr-FR"}]}},"_links":{"self":[{"href":"https:\/\/www.lateliertranslations.com\/fr\/wp-json\/wp\/v2\/pages\/361"}],"collection":[{"href":"https:\/\/www.lateliertranslations.com\/fr\/wp-json\/wp\/v2\/pages"}],"about":[{"href":"https:\/\/www.lateliertranslations.com\/fr\/wp-json\/wp\/v2\/types\/page"}],"author":[{"embeddable":true,"href":"https:\/\/www.lateliertranslations.com\/fr\/wp-json\/wp\/v2\/users\/1"}],"replies":[{"embeddable":true,"href":"https:\/\/www.lateliertranslations.com\/fr\/wp-json\/wp\/v2\/comments?post=361"}],"version-history":[{"count":8,"href":"https:\/\/www.lateliertranslations.com\/fr\/wp-json\/wp\/v2\/pages\/361\/revisions"}],"predecessor-version":[{"id":417,"href":"https:\/\/www.lateliertranslations.com\/fr\/wp-json\/wp\/v2\/pages\/361\/revisions\/417"}],"wp:attachment":[{"href":"https:\/\/www.lateliertranslations.com\/fr\/wp-json\/wp\/v2\/media?parent=361"}],"curies":[{"name":"wp","href":"https:\/\/api.w.org\/{rel}","templated":true}]}}