{"id":371,"date":"2015-10-26T16:45:15","date_gmt":"2015-10-26T16:45:15","guid":{"rendered":"https:\/\/www.lateliertranslations.com\/fr\/?page_id=371"},"modified":"2015-11-12T14:25:32","modified_gmt":"2015-11-12T14:25:32","slug":"contactez-nous","status":"publish","type":"page","link":"https:\/\/www.lateliertranslations.com\/fr\/contactez-nous\/","title":{"rendered":"Contactez-nous"},"content":{"rendered":"<div class=\"clearfix divider-common divider-blank\" style=\"margin-top:100px;margin-bottom:60px;\"><\/div>\n<div class=\"shortcode-column span6\"><\/div><div class=\"section-heading none section-align-left\" style=\"padding-top:10px;padding-bottom:10px;margin-bottom:30px;\"><h2 class=\"section-title\">Travailler avec L\u2019Atelier<\/h2><div class=\"section-end\"><\/div><\/div>\n<p>Nouer des relations professionnelles avec nos pr\u00e9cieux clients est l&rsquo;une des facettes les plus gratifiantes de notre m\u00e9tier ; mieux encore, notre connaissance de vos besoins et attentes ne fait que s&rsquo;accro\u00eetre au fil du temps.<\/p>\n<p>Nous sommes le service de traduction que vous recherchiez. R\u00e9actifs, d\u00e9vou\u00e9s et tr\u00e8s comp\u00e9tents, nous mettons notre passion au service de la v\u00f4tre et travaillons sans rel\u00e2che pour veiller \u00e0 ce que notre travail atteigne vos objectifs.<\/p>\n<div class=\"section-heading none section-align-left\" style=\"padding-top:10px;padding-bottom:10px;margin-bottom:30px;\"><h2 class=\"section-title\">\u00cates-vous pr\u00eat \u00e0 commencer ?<\/h2><div class=\"section-end\"><\/div><\/div>\n<p>Contactez-nous pour nous livrer les d\u00e9tails de votre projet et nous vous enverrons un devis d\u00e9taill\u00e9 d\u00e8s que possible. Si vous pr\u00e9f\u00e9rez que nous en discutions de vive voix, vous pouvez nous appeler au (03572875).<\/p>\n\n<div class=\"wpcf7 no-js\" id=\"wpcf7-f372-o1\" lang=\"en-US\" dir=\"ltr\">\n<div class=\"screen-reader-response\"><p role=\"status\" aria-live=\"polite\" aria-atomic=\"true\"><\/p> <ul><\/ul><\/div>\n<form action=\"\/fr\/wp-json\/wp\/v2\/pages\/371#wpcf7-f372-o1\" method=\"post\" class=\"wpcf7-form init\" aria-label=\"Contact form\" enctype=\"multipart\/form-data\" novalidate=\"novalidate\" data-status=\"init\">\n<div style=\"display: none;\">\n<input type=\"hidden\" name=\"_wpcf7\" value=\"372\" \/>\n<input type=\"hidden\" name=\"_wpcf7_version\" value=\"5.7.6\" \/>\n<input type=\"hidden\" name=\"_wpcf7_locale\" value=\"en_US\" \/>\n<input type=\"hidden\" name=\"_wpcf7_unit_tag\" value=\"wpcf7-f372-o1\" \/>\n<input type=\"hidden\" name=\"_wpcf7_container_post\" value=\"0\" \/>\n<input type=\"hidden\" name=\"_wpcf7_posted_data_hash\" value=\"\" \/>\n<\/div>\n<div style=\"background:#fff;padding:20px\">\n\t<p>VOTRE NOM (OBLIGATOIRE)\n\t<\/p>\n\t<p><span class=\"wpcf7-form-control-wrap\" data-name=\"your-name\"><input size=\"40\" class=\"wpcf7-form-control wpcf7-text wpcf7-validates-as-required\" aria-required=\"true\" aria-invalid=\"false\" value=\"\" type=\"text\" name=\"your-name\" \/><\/span>\n\t<\/p>\n\t<p>VOTRE E-MAIL (OBLIGATOIRE)\n\t<\/p>\n\t<p><span class=\"wpcf7-form-control-wrap\" data-name=\"your-email\"><input size=\"40\" class=\"wpcf7-form-control wpcf7-text wpcf7-email wpcf7-validates-as-required wpcf7-validates-as-email\" aria-required=\"true\" aria-invalid=\"false\" value=\"\" type=\"email\" name=\"your-email\" \/><\/span>\n\t<\/p>\n\t<p>T\u00c9L\u00c9PHONE\n\t<\/p>\n\t<p><span class=\"wpcf7-form-control-wrap\" data-name=\"text-859\"><input size=\"40\" class=\"wpcf7-form-control wpcf7-text\" aria-invalid=\"false\" value=\"\" type=\"text\" name=\"text-859\" \/><\/span>\n\t<\/p>\n\t<p>VOTRE MESSAGE\n\t<\/p>\n\t<p><span class=\"wpcf7-form-control-wrap\" data-name=\"your-message\"><textarea cols=\"40\" rows=\"10\" class=\"wpcf7-form-control wpcf7-textarea\" aria-invalid=\"false\" name=\"your-message\"><\/textarea><\/span>\n\t<\/p>\n\t<p>JOINDRE UN FICHIER\n\t<\/p>\n\t<p><span class=\"wpcf7-form-control-wrap\" data-name=\"file-284\"><input size=\"40\" class=\"wpcf7-form-control wpcf7-file\" accept=\"audio\/*,video\/*,image\/*\" aria-invalid=\"false\" type=\"file\" name=\"file-284\" \/><\/span>\n\t<\/p>\n\t<p><input class=\"wpcf7-form-control has-spinner wpcf7-submit\" type=\"submit\" value=\"ENVOYER\" \/>\n\t<\/p>\n<\/div><div class=\"wpcf7-response-output\" aria-hidden=\"true\"><\/div>\n<\/form>\n<\/div>\n\n","protected":false},"excerpt":{"rendered":"<p>Nouer des relations professionnelles avec nos pr\u00e9cieux clients est l&rsquo;une des facettes les plus gratifiantes de notre m\u00e9tier ; mieux encore, notre connaissance de vos besoins et attentes ne fait que s&rsquo;accro\u00eetre au fil du temps. Nous sommes le service de traduction que vous recherchiez. R\u00e9actifs, d\u00e9vou\u00e9s et tr\u00e8s comp\u00e9tents, nous mettons notre passion au service de la v\u00f4tre et travaillons sans rel\u00e2che pour veiller \u00e0 ce que notre travail atteigne vos objectifs. Contactez-nous pour nous livrer les d\u00e9tails de [&hellip;]<\/p>\n","protected":false},"author":1,"featured_media":0,"parent":0,"menu_order":0,"comment_status":"closed","ping_status":"closed","template":"","meta":{"_mi_skip_tracking":false},"yoast_head":"<!-- This site is optimized with the Yoast SEO plugin v20.5 - https:\/\/yoast.com\/wordpress\/plugins\/seo\/ -->\n<title>Contactez-nous - L&rsquo;Atelier<\/title>\n<meta name=\"robots\" content=\"index, follow, max-snippet:-1, max-image-preview:large, max-video-preview:-1\" \/>\n<link rel=\"canonical\" href=\"https:\/\/www.lateliertranslations.com\/fr\/contactez-nous\/\" \/>\n<meta property=\"og:locale\" content=\"fr_FR\" \/>\n<meta property=\"og:type\" content=\"article\" \/>\n<meta property=\"og:title\" content=\"Contactez-nous - L&rsquo;Atelier\" \/>\n<meta property=\"og:description\" content=\"Nouer des relations professionnelles avec nos pr\u00e9cieux clients est l&rsquo;une des facettes les plus gratifiantes de notre m\u00e9tier ; mieux encore, notre connaissance de vos besoins et attentes ne fait que s&rsquo;accro\u00eetre au fil du temps. Nous sommes le service de traduction que vous recherchiez. R\u00e9actifs, d\u00e9vou\u00e9s et tr\u00e8s comp\u00e9tents, nous mettons notre passion au service de la v\u00f4tre et travaillons sans rel\u00e2che pour veiller \u00e0 ce que notre travail atteigne vos objectifs. Contactez-nous pour nous livrer les d\u00e9tails de [&hellip;]\" \/>\n<meta property=\"og:url\" content=\"https:\/\/www.lateliertranslations.com\/fr\/contactez-nous\/\" \/>\n<meta property=\"og:site_name\" content=\"L&rsquo;Atelier\" \/>\n<meta property=\"article:modified_time\" content=\"2015-11-12T14:25:32+00:00\" \/>\n<meta name=\"twitter:card\" content=\"summary_large_image\" \/>\n<meta name=\"twitter:label1\" content=\"Dur\u00e9e de lecture estim\u00e9e\" \/>\n\t<meta name=\"twitter:data1\" content=\"1 minute\" \/>\n<script type=\"application\/ld+json\" class=\"yoast-schema-graph\">{\"@context\":\"https:\/\/schema.org\",\"@graph\":[{\"@type\":\"WebPage\",\"@id\":\"https:\/\/www.lateliertranslations.com\/fr\/contactez-nous\/\",\"url\":\"https:\/\/www.lateliertranslations.com\/fr\/contactez-nous\/\",\"name\":\"Contactez-nous - L&rsquo;Atelier\",\"isPartOf\":{\"@id\":\"https:\/\/www.lateliertranslations.com\/#website\"},\"datePublished\":\"2015-10-26T16:45:15+00:00\",\"dateModified\":\"2015-11-12T14:25:32+00:00\",\"breadcrumb\":{\"@id\":\"https:\/\/www.lateliertranslations.com\/fr\/contactez-nous\/#breadcrumb\"},\"inLanguage\":\"fr-FR\",\"potentialAction\":[{\"@type\":\"ReadAction\",\"target\":[\"https:\/\/www.lateliertranslations.com\/fr\/contactez-nous\/\"]}]},{\"@type\":\"BreadcrumbList\",\"@id\":\"https:\/\/www.lateliertranslations.com\/fr\/contactez-nous\/#breadcrumb\",\"itemListElement\":[{\"@type\":\"ListItem\",\"position\":1,\"name\":\"Home\",\"item\":\"https:\/\/www.lateliertranslations.com\/fr\/\"},{\"@type\":\"ListItem\",\"position\":2,\"name\":\"Contactez-nous\"}]},{\"@type\":\"WebSite\",\"@id\":\"https:\/\/www.lateliertranslations.com\/#website\",\"url\":\"https:\/\/www.lateliertranslations.com\/\",\"name\":\"L&rsquo;Atelier\",\"description\":\"designer translations\",\"potentialAction\":[{\"@type\":\"SearchAction\",\"target\":{\"@type\":\"EntryPoint\",\"urlTemplate\":\"https:\/\/www.lateliertranslations.com\/?s={search_term_string}\"},\"query-input\":\"required name=search_term_string\"}],\"inLanguage\":\"fr-FR\"}]}<\/script>\n<!-- \/ Yoast SEO plugin. -->","yoast_head_json":{"title":"Contactez-nous - L&rsquo;Atelier","robots":{"index":"index","follow":"follow","max-snippet":"max-snippet:-1","max-image-preview":"max-image-preview:large","max-video-preview":"max-video-preview:-1"},"canonical":"https:\/\/www.lateliertranslations.com\/fr\/contactez-nous\/","og_locale":"fr_FR","og_type":"article","og_title":"Contactez-nous - L&rsquo;Atelier","og_description":"Nouer des relations professionnelles avec nos pr\u00e9cieux clients est l&rsquo;une des facettes les plus gratifiantes de notre m\u00e9tier ; mieux encore, notre connaissance de vos besoins et attentes ne fait que s&rsquo;accro\u00eetre au fil du temps. Nous sommes le service de traduction que vous recherchiez. R\u00e9actifs, d\u00e9vou\u00e9s et tr\u00e8s comp\u00e9tents, nous mettons notre passion au service de la v\u00f4tre et travaillons sans rel\u00e2che pour veiller \u00e0 ce que notre travail atteigne vos objectifs. Contactez-nous pour nous livrer les d\u00e9tails de [&hellip;]","og_url":"https:\/\/www.lateliertranslations.com\/fr\/contactez-nous\/","og_site_name":"L&rsquo;Atelier","article_modified_time":"2015-11-12T14:25:32+00:00","twitter_card":"summary_large_image","twitter_misc":{"Dur\u00e9e de lecture estim\u00e9e":"1 minute"},"schema":{"@context":"https:\/\/schema.org","@graph":[{"@type":"WebPage","@id":"https:\/\/www.lateliertranslations.com\/fr\/contactez-nous\/","url":"https:\/\/www.lateliertranslations.com\/fr\/contactez-nous\/","name":"Contactez-nous - L&rsquo;Atelier","isPartOf":{"@id":"https:\/\/www.lateliertranslations.com\/#website"},"datePublished":"2015-10-26T16:45:15+00:00","dateModified":"2015-11-12T14:25:32+00:00","breadcrumb":{"@id":"https:\/\/www.lateliertranslations.com\/fr\/contactez-nous\/#breadcrumb"},"inLanguage":"fr-FR","potentialAction":[{"@type":"ReadAction","target":["https:\/\/www.lateliertranslations.com\/fr\/contactez-nous\/"]}]},{"@type":"BreadcrumbList","@id":"https:\/\/www.lateliertranslations.com\/fr\/contactez-nous\/#breadcrumb","itemListElement":[{"@type":"ListItem","position":1,"name":"Home","item":"https:\/\/www.lateliertranslations.com\/fr\/"},{"@type":"ListItem","position":2,"name":"Contactez-nous"}]},{"@type":"WebSite","@id":"https:\/\/www.lateliertranslations.com\/#website","url":"https:\/\/www.lateliertranslations.com\/","name":"L&rsquo;Atelier","description":"designer translations","potentialAction":[{"@type":"SearchAction","target":{"@type":"EntryPoint","urlTemplate":"https:\/\/www.lateliertranslations.com\/?s={search_term_string}"},"query-input":"required name=search_term_string"}],"inLanguage":"fr-FR"}]}},"_links":{"self":[{"href":"https:\/\/www.lateliertranslations.com\/fr\/wp-json\/wp\/v2\/pages\/371"}],"collection":[{"href":"https:\/\/www.lateliertranslations.com\/fr\/wp-json\/wp\/v2\/pages"}],"about":[{"href":"https:\/\/www.lateliertranslations.com\/fr\/wp-json\/wp\/v2\/types\/page"}],"author":[{"embeddable":true,"href":"https:\/\/www.lateliertranslations.com\/fr\/wp-json\/wp\/v2\/users\/1"}],"replies":[{"embeddable":true,"href":"https:\/\/www.lateliertranslations.com\/fr\/wp-json\/wp\/v2\/comments?post=371"}],"version-history":[{"count":4,"href":"https:\/\/www.lateliertranslations.com\/fr\/wp-json\/wp\/v2\/pages\/371\/revisions"}],"predecessor-version":[{"id":479,"href":"https:\/\/www.lateliertranslations.com\/fr\/wp-json\/wp\/v2\/pages\/371\/revisions\/479"}],"wp:attachment":[{"href":"https:\/\/www.lateliertranslations.com\/fr\/wp-json\/wp\/v2\/media?parent=371"}],"curies":[{"name":"wp","href":"https:\/\/api.w.org\/{rel}","templated":true}]}}